{"id":641,"date":"2023-03-08T03:01:01","date_gmt":"2023-03-08T02:01:01","guid":{"rendered":"https:\/\/oreste.parlatano.org\/wp\/?page_id=641"},"modified":"2023-03-08T03:01:02","modified_gmt":"2023-03-08T02:01:02","slug":"links-2","status":"publish","type":"page","link":"https:\/\/oreste.parlatano.org\/wp\/?page_id=641","title":{"rendered":"Links"},"content":{"rendered":"<h2>Personal links<\/h2>\n<ul>\n<li><a href=\"https:\/\/www.facebook.com\/oreste.parlatano\" target=\"_blank\" rel=\"noopener\">Facebook<\/a><\/li>\n<li><a href=\"http:\/\/www.twitter.com\/oresteparlatano\" target=\"_blank\" rel=\"noopener\">Twitter<\/a><\/li>\n<li><a href=\"https:\/\/www.youtube.com\/user\/orestepa\" target=\"_blank\" rel=\"noopener\">Youtube<\/a><\/li>\n<li><a href=\"https:\/\/www.linkedin.com\/in\/oresteparlatano\" target=\"_blank\" rel=\"noopener\">Linkedin<\/a><\/li>\n<li><a href=\"https:\/\/www.researchgate.net\/profile\/Oreste_Parlatano\" target=\"_blank\" rel=\"noopener\">ResearchGate<\/a><\/li>\n<li><a href=\"https:\/\/www.paypal.me\/orestepa\" target=\"_blank\" rel=\"noopener\">Paypal<\/a><\/li>\n<li><a href=\"http:\/\/oreste.parlatano.org\/wp\/?page_id=22\">e-mail<\/a><\/li>\n<li><a href=\"https:\/\/github.com\/oresteafrica\" target=\"_blank\" rel=\"noopener\">Github<\/a><\/li>\n<li><a href=\"https:\/\/jsfiddle.net\/user\/Oreste\/fiddles\/\" target=\"_blank\" rel=\"noopener\">JSfiddle<\/a><\/li>\n<\/ul>\n<h2>Publications<\/h2>\n<ul>\n<li><a target=\"_self\" href=\"http:\/\/oreste.parlatano.org\/wp\/?page_id=478\" rel=\"noopener\">Dissertation<\/a><\/li>\n<\/ul>\n<h2>Covid-19<\/h2>\n<h3>My Contributions<\/h3>\n<ul>\n<li style=\"display:none;\"><a target=\"_blank\" href=\"http:\/\/oreste.parlatano.org\/corona\/\" rel=\"noopener\">Daily figures<\/a><\/li>\n<li><a target=\"_blank\" href=\"http:\/\/oreste.parlatano.org\/corona\/comparison.html\" rel=\"noopener\">World comparison<\/a><\/li>\n<li><a target=\"_blank\" href=\"https:\/\/github.com\/oresteafrica\/corona\" rel=\"noopener\">JHU daily csvs to mysql<\/a><\/li>\n<li><a target=\"_self\" href=\"http:\/\/oreste.parlatano.org\/wp\/?page_id=433\" rel=\"noopener\">Android app<\/a><\/li>\n<\/ul>\n<h3>Contributions<\/h3>\n<ul>\n<li><a target=\"_blank\" href=\"https:\/\/covid-19-apis.postman.com\/\" rel=\"noopener\">Postman APIs collection<\/a><\/li>\n<li><a target=\"_blank\" href=\"https:\/\/www.google.com\/covid19\/\" rel=\"noopener\">Google<\/a><\/li>\n<li><a target=\"_blank\" href=\"https:\/\/rapidapi.com\/blog\/developers-respond-to-covid-19\/\" rel=\"noopener\">RapidAPI<\/a><\/li>\n<li><a target=\"_blank\" href=\"https:\/\/medium.com\/@vickydallas\/covid19-dashboards-maps-projections-ac688948c42e\" rel=\"noopener\">Vicky Dallas<\/a><\/li>\n<\/ul>\n<h3>Sources<\/h3>\n<ul>\n<li><a target=\"_blank\" href=\"https:\/\/github.com\/CSSEGISandData\/COVID-19\" rel=\"noopener\">Johns Hopkins University<\/a><\/li>\n<li><a target=\"_blank\" href=\"https:\/\/github.com\/pcm-dpc\/COVID-19\" rel=\"noopener\">Protezione civile<\/a><\/li>\n<li><a target=\"_blank\" href=\"https:\/\/github.com\/dsfsi\/covid19africa\" rel=\"noopener\">Data Repository for Africa<\/a><\/li>\n<li><a target=\"_blank\" href=\"https:\/\/github.com\/dsfsi\/covid19za\" rel=\"noopener\">Data Repository for South Africa<\/a><\/li>\n<\/ul>\n<h3>Interpretations<\/h3>\n<ul>\n<li><a target=\"_blank\" href=\"https:\/\/www.google.com\/covid19-map\/\" rel=\"noopener\">Google map<\/a><\/li>\n<li><a target=\"_blank\" href=\"https:\/\/gisanddata.maps.arcgis.com\/apps\/opsdashboard\/index.html#\/bda7594740fd40299423467b48e9ecf6\" rel=\"noopener\">World map and stats<\/a><\/li>\n<li><a target=\"_blank\" href=\"https:\/\/nextstrain.org\/ncov\" rel=\"noopener\">Genomic epidemiology<\/a><\/li>\n<li><a target=\"_blank\" href=\"http:\/\/opendatadpc.maps.arcgis.com\/apps\/opsdashboard\/index.html?fbclid=IwAR1wKg5qfeBV66Ar1I6wa86rO3PrjbzUnwV2XbymivBDydWnNmoQmRcKfYk#\/dae18c330e8e4093bb090ab0aa2b4892\" rel=\"noopener\">Italy map and stats<\/a><\/li>\n<li><a target=\"_blank\" href=\"https:\/\/www.facebook.com\/DatiAnalisiCoronavirus\/\" rel=\"noopener\">Dati e Analisi Scientifiche<\/a><\/li>\n<li><a target=\"_blank\" href=\"https:\/\/lab.gedidigital.it\/gedi-visual\/2020\/coronavirus-i-contagi-in-italia\/?ref=RHPPTP-BH-I251620115-C12-P7-S1.12-T1&amp;refresh_ce\" rel=\"noopener\">La situazione in Italia<\/a><\/li>\n<li><a target=\"_blank\" href=\"https:\/\/covid19.ins.gov.mz\/\" rel=\"noopener\">Situa\u00e7\u00e3o em Mo\u00e7ambique<\/a><\/li>\n<\/ul>\n<h2>Research<\/h2>\n<ul>\n<li><a href=\"https:\/\/open-research-europe.ec.europa.eu\/\" target=\"_blank\" rel=\"noopener\">Open Research Europe<\/a><\/li>\n<li><a href=\"\"><\/a><\/li>\n<\/ul>\n<h2>Biblio<\/h2>\n<ul>\n<li><a href=\"http:\/\/oreste.parlatano.org\/wp\/?page_id=343\">Digital Innovation<\/a><\/li>\n<li><a href=\"http:\/\/oreste.parlatano.org\/wp\/?page_id=435\">Links<\/a><\/li>\n<\/ul>\n<h2>Resources<\/h2>\n<ul>\n<li><a href=\"http:\/\/oreste.parlatano.org\/wp\/?page_id=234\">Four types of failure<\/a><\/li>\n<li><a href=\"http:\/\/oreste.parlatano.org\/wp\/?page_id=230\">Hermeneutical approaches<\/a><\/li>\n<li><a href=\"http:\/\/oreste.parlatano.org\/wp\/?page_id=241\">IS cultures<\/a><\/li>\n<li><a href=\"http:\/\/oreste.parlatano.org\/wp\/?page_id=244\">Virtual organising 3 vectors 3 stages<\/a><\/li>\n<li><a href=\"https:\/\/www.brighthubpm.com\/change-management\/122495-a-look-at-the-components-of-leavitts-diamond\/\" target=\"_blank\" rel=\"noopener\">Leavitt&#8217;s Diamond<\/a><\/li>\n<li><a href=\"https:\/\/pdfs.semanticscholar.org\/a630\/2d0c8212d612a613e456c4220cc7942c5a93.pdf\" target=\"_blank\" rel=\"noopener\">Leavitt&#8217;s Diamond (Academic paper)<\/a><\/li>\n<li><a href=\"http:\/\/oreste.parlatano.org\/wp\/?page_id=251\">Lewin-Schein Model<\/a><\/li>\n<li><a href=\"https:\/\/en.wikipedia.org\/wiki\/Actor%E2%80%93network_theory\" target=\"_blank\" rel=\"noopener\">Actor\u2013network theory (ANT)<\/a><\/li>\n<li><a href=\"http:\/\/oreste.parlatano.org\/wp\/?page_id=256\">Bases of power<\/a><\/li>\n<li><a href=\"http:\/\/oreste.parlatano.org\/wp\/?page_id=259\">5 forces<\/a><\/li>\n<li><a href=\"https:\/\/www.paciellogroup.com\/\" target=\"_blank\" rel=\"noopener\">Accessibility (Paciello)<\/a><\/li>\n<li><a href=\"http:\/\/prince2.wiki\/PRINCE2\" target=\"_blank\" rel=\"noopener\">PRINCE2 Wiki<\/a><\/li>\n<li><a href=\"https:\/\/en.wikipedia.org\/wiki\/SWOT_analysis\" target=\"_blank\" rel=\"noopener\">SWOT<\/a><\/li>\n<li><a href=\"http:\/\/oreste.parlatano.org\/strategy\/\" target=\"_blank\" rel=\"noopener\">Strategy<\/a><\/li>\n<li><a href=\"https:\/\/www.slideshare.net\/flevydocs\/ten-schools-of-thought-on-strategic-management\" target=\"_blank\" rel=\"noopener\">10 Schools of Strategy (slideshare)<\/a><\/li>\n<li><a href=\"http:\/\/oreste.parlatano.org\/wp\/?page_id=293\">List of 10 Schools of Strategy<\/a><\/li>\n<li><a href=\"http:\/\/oreste.parlatano.org\/wp\/?page_id=302\">Interviews<\/a><\/li>\n<li><a href=\"http:\/\/www.free-management-ebooks.com\/news\/porters-diamond\/\" target=\"_blank\" rel=\"noopener\">Porter&#8217;s diamond<\/a><\/li>\n<li><a href=\"http:\/\/oreste.parlatano.org\/wp\/?page_id=351\">Learning by doing<\/a><\/li>\n<\/ul>\n<h2>Reference documents, external links<\/h2>\n<ul>\n<li><a href=\"http:\/\/oncourseworkshop.com\/self-awareness\/one-minute-paper\/\" target=\"_blank\" rel=\"noopener\">One minute paper<\/a><\/li>\n<li><a href=\"http:\/\/oreste.parlatano.org\/wp\/?p=147\">How To Critique A Journal Article<\/a><\/li>\n<li><a href=\"http:\/\/oreste.parlatano.org\/wp\/?p=152\">Paper Analysis Pro Forma<\/a><\/li>\n<li><a href=\"http:\/\/oreste.parlatano.org\/wp\/wp-content\/uploads\/2018\/06\/Harvard_Complete.pdf\" target=\"_blank\" rel=\"noopener\">Harvard style referencing (book pdf)<\/a><\/li>\n<li><a href=\"http:\/\/www.citethisforme.com\/harvard-referencing\" target=\"_blank\" rel=\"noopener\">Harvard style referencing (resource html)<\/a><\/li>\n<li><a href=\"https:\/\/salford.rl.talis.com\/lists\/B2A2BE3B-25BE-EF52-8A9B-EF5B177BF32B.html\" target=\"_blank\" rel=\"noopener\">Books<\/a><\/li>\n<\/ul>\n<h2>Game Theory<\/h2>\n<ul>\n<li><a href=\"https:\/\/cran.r-project.org\/web\/packages\/GameTheoryAllocation\/GameTheoryAllocation.pdf\" target=\"_blank\" rel=\"noopener\">R package<\/a><\/li>\n<li><a href=\"https:\/\/en.wikipedia.org\/wiki\/Shapley_value\" target=\"_blank\" rel=\"noopener\">Shapley value<\/a><\/li>\n<li><a href=\"https:\/\/www.rdocumentation.org\/packages\/cooptrees\/versions\/1.0\/topics\/shapleyValue\" target=\"_blank\" rel=\"noopener\">R Shapley value<\/a><\/li>\n<li>\n\t\t<a href=\"https:\/\/www.youtube.com\/watch?v=ANMuuq502rE&amp;list=PLEAmxvmSnvOOFmY4YdGJNcHvzyryjDmxy\" target=\"_blank\" rel=\"noopener\">Statistics with R (video)<\/a><\/li>\n<\/ul>\n","protected":false},"excerpt":{"rendered":"<p>Personal links Facebook Twitter Youtube Linkedin ResearchGate Paypal e-mail Github JSfiddle Publications Dissertation Covid-19 My Contributions Daily figures World comparison JHU daily csvs to mysql Android app Contributions Postman APIs collection Google RapidAPI Vicky Dallas Sources Johns Hopkins University Protezione civile Data Repository for Africa Data Repository for South Africa Interpretations Google map World map [&hellip;]<\/p>\n","protected":false},"author":1,"featured_media":0,"parent":0,"menu_order":0,"comment_status":"closed","ping_status":"closed","template":"","meta":{"footnotes":""},"class_list":["post-641","page","type-page","status-publish","hentry"],"_links":{"self":[{"href":"https:\/\/oreste.parlatano.org\/wp\/index.php?rest_route=\/wp\/v2\/pages\/641","targetHints":{"allow":["GET"]}}],"collection":[{"href":"https:\/\/oreste.parlatano.org\/wp\/index.php?rest_route=\/wp\/v2\/pages"}],"about":[{"href":"https:\/\/oreste.parlatano.org\/wp\/index.php?rest_route=\/wp\/v2\/types\/page"}],"author":[{"embeddable":true,"href":"https:\/\/oreste.parlatano.org\/wp\/index.php?rest_route=\/wp\/v2\/users\/1"}],"replies":[{"embeddable":true,"href":"https:\/\/oreste.parlatano.org\/wp\/index.php?rest_route=%2Fwp%2Fv2%2Fcomments&post=641"}],"version-history":[{"count":1,"href":"https:\/\/oreste.parlatano.org\/wp\/index.php?rest_route=\/wp\/v2\/pages\/641\/revisions"}],"predecessor-version":[{"id":642,"href":"https:\/\/oreste.parlatano.org\/wp\/index.php?rest_route=\/wp\/v2\/pages\/641\/revisions\/642"}],"wp:attachment":[{"href":"https:\/\/oreste.parlatano.org\/wp\/index.php?rest_route=%2Fwp%2Fv2%2Fmedia&parent=641"}],"curies":[{"name":"wp","href":"https:\/\/api.w.org\/{rel}","templated":true}]}}